{"id":2884,"date":"2026-03-12T20:54:56","date_gmt":"2026-03-12T19:54:56","guid":{"rendered":"http:\/\/www.ospmakow.pl\/?page_id=2884"},"modified":"2026-04-06T15:15:08","modified_gmt":"2026-04-06T13:15:08","slug":"aplikacja-quiz-pozarniczy-mdp","status":"publish","type":"page","link":"https:\/\/www.ospmakow.pl\/?page_id=2884","title":{"rendered":"Aplikacja &#8222;Quiz Po\u017carniczy MDP&#8221;"},"content":{"rendered":"<p style=\"text-align: center;\"><span style=\"font-size: 18pt;\">Ju\u017c wkr\u00f3tce do pobrania aplikacja dla MDP<\/span><\/p>\n<p style=\"text-align: center;\"><span style=\"font-size: 14pt;\">\ud83d\udcf1 Quiz Po\u017carniczy MDP \u2013 Aplikacja dla Opiekun\u00f3w i M\u0142odzie\u017cy<\/span><br \/>\n<span style=\"font-size: 14pt;\">Aplikacja Quiz Po\u017carniczy MDP to nowoczesne narz\u0119dzie stworzone z my\u015bl\u0105 o m\u0142odzie\u017cowych dru\u017cynach po\u017carniczych. Umo\u017cliwia przeprowadzanie quiz\u00f3w, nauk\u0119 pyta\u0144 og\u00f3lnych i lokalnych oraz wygodne zarz\u0105dzanie wynikami. Dost\u0119pna jest w dw\u00f3ch wersjach: dla Opiekuna oraz dla M\u0142odzie\u017cy.<\/span><\/p>\n<p style=\"text-align: center;\"><span style=\"font-size: 14pt;\">\ud83d\udd25 Wersja dla Opiekuna<\/span><br \/>\n<span style=\"font-size: 14pt;\"><img loading=\"lazy\" decoding=\"async\" class=\"\" src=\"http:\/\/www.ospmakow.pl\/wp-content\/uploads\/2026\/03\/opiekun.jpeg\" width=\"300\" height=\"655\"><\/span><br \/>\n<span style=\"font-size: 14pt;\">Aplikacja opiekuna pozwala na pe\u0142ne zarz\u0105dzanie quizem oraz udost\u0119pnianie pyta\u0144 lokalnych.<\/span><\/p>\n<p style=\"text-align: center;\"><span style=\"font-size: 14pt;\">\ud83e\uddd1\u200d\u2696\ufe0f Panel S\u0119dziego<\/span><br \/>\n<img loading=\"lazy\" decoding=\"async\" class=\"\" src=\"http:\/\/www.ospmakow.pl\/wp-content\/uploads\/2026\/03\/panelSedziego.jpeg\" width=\"300\" height=\"659\"><br \/>\n<span style=\"font-size: 14pt;\">Mo\u017cesz przeprowadzi\u0107 quiz na dwa sposoby:<\/span><\/p>\n<p style=\"text-align: center;\"><span style=\"font-size: 14pt;\">Na swoim urz\u0105dzeniu \u2013 do 10 zawodnik\u00f3w.<\/span><\/p>\n<p style=\"text-align: center;\"><span style=\"font-size: 14pt;\">Na urz\u0105dzeniach m\u0142odzie\u017cy \u2013 poprzez kod QR (dowolna liczba uczestnik\u00f3w).<\/span><\/p>\n<p style=\"text-align: center;\"><span style=\"font-size: 14pt;\">Dost\u0119pne ustawienia:<\/span><\/p>\n<p style=\"text-align: center;\"><span style=\"font-size: 14pt;\">liczba zawodnik\u00f3w (1\u201310),<\/span><\/p>\n<p style=\"text-align: center;\"><span style=\"font-size: 14pt;\">liczba pyta\u0144 (1\u201330),<\/span><\/p>\n<p style=\"text-align: center;\"><span style=\"font-size: 14pt;\">liczba pyta\u0144 lokalnych (1\u20133),<\/span><\/p>\n<p style=\"text-align: center;\"><span style=\"font-size: 14pt;\">czas na rozwi\u0105zanie quizu (1\u201330 min).<\/span><\/p>\n<p style=\"text-align: center;\"><span style=\"font-size: 14pt;\">Po ka\u017cdym zawodniku wy\u015bwietlane s\u0105 jego wyniki, mo\u017cliwo\u015b\u0107 podgl\u0105du b\u0142\u0119d\u00f3w oraz przej\u015bcie do kolejnego uczestnika. Po ostatnim \u2013 tabela wynik\u00f3w ko\u0144cowych.<\/span><\/p>\n<p style=\"text-align: center;\"><img loading=\"lazy\" decoding=\"async\" class=\"\" src=\"http:\/\/www.ospmakow.pl\/wp-content\/uploads\/2026\/03\/wyniki.jpeg\" width=\"300\" height=\"659\"><\/p>\n<p style=\"text-align: center;\"><span style=\"font-size: 14pt;\">Mo\u017cesz r\u00f3wnie\u017c edytowa\u0107 nazwy zawodnik\u00f3w.<\/span><\/p>\n<p style=\"text-align: center;\"><span style=\"font-size: 14pt;\">\ud83d\udcf2 Udost\u0119pnianie quizu m\u0142odzie\u017cy<\/span><br \/>\n<span style=\"font-size: 14pt;\">Opiekun generuje kod QR, kt\u00f3ry m\u0142odzie\u017c skanuje w swojej aplikacji.<\/span><br \/>\n<span style=\"font-size: 14pt;\">Po zako\u0144czeniu quizu uczestnicy udost\u0119pniaj\u0105 swoje wyniki r\u00f3wnie\u017c w formie kodu QR, kt\u00f3ry opiekun skanuje i zapisuje.<\/span><\/p>\n<p style=\"text-align: center;\"><span style=\"font-size: 14pt;\">\ud83c\udf93 Tryb Nauki<\/span><br \/>\n<span style=\"font-size: 14pt;\">Dost\u0119pne s\u0105 dwa zestawy pyta\u0144:<\/span><\/p>\n<p style=\"text-align: center;\"><span style=\"font-size: 14pt;\">700 pyta\u0144 og\u00f3lnych,<\/span><\/p>\n<p style=\"text-align: center;\"><img loading=\"lazy\" decoding=\"async\" class=\"\" src=\"http:\/\/www.ospmakow.pl\/wp-content\/uploads\/2026\/03\/pytaniaOgolne.jpeg\" width=\"300\" height=\"659\"><\/p>\n<p style=\"text-align: center;\"><span style=\"font-size: 14pt;\">20 pyta\u0144 lokalnych \u2013 mo\u017cliwych do edycji pod w\u0142asn\u0105 jednostk\u0119.<\/span><\/p>\n<p style=\"text-align: center;\"><img loading=\"lazy\" decoding=\"async\" class=\"\" src=\"http:\/\/www.ospmakow.pl\/wp-content\/uploads\/2026\/03\/pytaniaLokalne.jpeg\" width=\"300\" height=\"659\"><\/p>\n<p style=\"text-align: center;\"><span style=\"font-size: 14pt;\">Aplikacja zapami\u0119tuje post\u0119p:<\/span><\/p>\n<p style=\"text-align: center;\"><span style=\"font-size: 14pt;\">poprawne pytania nie wracaj\u0105,<\/span><\/p>\n<p style=\"text-align: center;\"><span style=\"font-size: 14pt;\">b\u0142\u0119dne pojawiaj\u0105 si\u0119 ponownie,<\/span><\/p>\n<p style=\"text-align: center;\"><span style=\"font-size: 14pt;\">widoczny jest pasek post\u0119pu.<\/span><\/p>\n<p style=\"text-align: center;\"><span style=\"font-size: 14pt;\">\u2699\ufe0f Ustawienia<\/span><br \/>\n<span style=\"font-size: 14pt;\">edycja pyta\u0144 lokalnych,<\/span><\/p>\n<p style=\"text-align: center;\"><span style=\"font-size: 14pt;\">udost\u0119pnianie pyta\u0144 m\u0142odzie\u017cy,<\/span><\/p>\n<p style=\"text-align: center;\"><span style=\"font-size: 14pt;\">instrukcja,<\/span><\/p>\n<p style=\"text-align: center;\"><span style=\"font-size: 14pt;\">regulamin i polityka prywatno\u015bci,<\/span><\/p>\n<p style=\"text-align: center;\"><span style=\"font-size: 14pt;\">informacje o wsparciu MDP Mak\u00f3w Podhala\u0144ski.<\/span><\/p>\n<p style=\"text-align: center;\"><span style=\"font-size: 14pt;\">\ud83d\udc68\u200d\ud83d\ude92 Wersja dla M\u0142odzie\u017cy<\/span><br \/>\n<img loading=\"lazy\" decoding=\"async\" class=\"\" src=\"http:\/\/www.ospmakow.pl\/wp-content\/uploads\/2026\/03\/mlodziez.jpeg\" width=\"300\" height=\"659\"><br \/>\n<span style=\"font-size: 14pt;\">Aplikacja m\u0142odzie\u017cy umo\u017cliwia pobieranie quizu od opiekuna, nauk\u0119 oraz udost\u0119pnianie wynik\u00f3w.<\/span><\/p>\n<p style=\"text-align: center;\"><span style=\"font-size: 14pt;\">\ud83d\udce5 Pobierz Quiz<\/span><br \/>\n<span style=\"font-size: 14pt;\">zeskanuj kod QR od opiekuna,<\/span><\/p>\n<p style=\"text-align: center;\"><span style=\"font-size: 14pt;\">zobacz liczb\u0119 pyta\u0144 i czas,<\/span><\/p>\n<p style=\"text-align: center;\"><span style=\"font-size: 14pt;\">wpisz swoje imi\u0119,<\/span><\/p>\n<p style=\"text-align: center;\"><span style=\"font-size: 14pt;\">rozpocznij quiz.<\/span><\/p>\n<p style=\"text-align: center;\"><span style=\"font-size: 14pt;\">Po zako\u0144czeniu:<\/span><\/p>\n<p style=\"text-align: center;\"><span style=\"font-size: 14pt;\">zobaczysz swoje wyniki,<\/span><\/p>\n<p style=\"text-align: center;\"><span style=\"font-size: 14pt;\">mo\u017cesz podejrze\u0107 b\u0142\u0119dne odpowiedzi,<\/span><\/p>\n<p style=\"text-align: center;\"><span style=\"font-size: 14pt;\">wygenerujesz kod QR z wynikiem dla opiekuna.<\/span><\/p>\n<p style=\"text-align: center;\"><span style=\"font-size: 14pt;\">\ud83c\udf93 Tryb Nauki<\/span><br \/>\n<span style=\"font-size: 14pt;\">pytania og\u00f3lne (700),<\/span><\/p>\n<p style=\"text-align: center;\"><span style=\"font-size: 14pt;\">pytania lokalne (20) \u2013 pobierane od opiekuna.<\/span><\/p>\n<p style=\"text-align: center;\"><span style=\"font-size: 14pt;\">Post\u0119p nauki zapisuje si\u0119 automatycznie.<\/span><\/p>\n<p style=\"text-align: center;\"><span style=\"font-size: 14pt;\">\u2699\ufe0f Ustawienia<\/span><br \/>\n<span style=\"font-size: 14pt;\">instrukcja,<\/span><\/p>\n<p style=\"text-align: center;\"><span style=\"font-size: 14pt;\">pobieranie pyta\u0144 lokalnych,<\/span><\/p>\n<p style=\"text-align: center;\"><span style=\"font-size: 14pt;\">regulamin i polityka prywatno\u015bci.<\/span><\/p>\n","protected":false},"excerpt":{"rendered":"<p>Ju\u017c wkr\u00f3tce do pobrania aplikacja dla MDP \ud83d\udcf1 Quiz Po\u017carniczy MDP \u2013 Aplikacja dla Opiekun\u00f3w i M\u0142odzie\u017cy Aplikacja Quiz Po\u017carniczy MDP to nowoczesne narz\u0119dzie stworzone z my\u015bl\u0105 o m\u0142odzie\u017cowych dru\u017cynach po\u017carniczych. Umo\u017cliwia przeprowadzanie quiz\u00f3w, nauk\u0119 pyta\u0144 og\u00f3lnych i lokalnych oraz &hellip; <a href=\"https:\/\/www.ospmakow.pl\/?page_id=2884\">Czytaj dalej <span class=\"meta-nav\">&rarr;<\/span><\/a><\/p>\n","protected":false},"author":2,"featured_media":0,"parent":325,"menu_order":0,"comment_status":"closed","ping_status":"closed","template":"","meta":{"_exactmetrics_skip_tracking":false,"_exactmetrics_sitenote_active":false,"_exactmetrics_sitenote_note":"","_exactmetrics_sitenote_category":0,"ngg_post_thumbnail":0,"footnotes":""},"class_list":["post-2884","page","type-page","status-publish","hentry"],"_links":{"self":[{"href":"https:\/\/www.ospmakow.pl\/index.php?rest_route=\/wp\/v2\/pages\/2884","targetHints":{"allow":["GET"]}}],"collection":[{"href":"https:\/\/www.ospmakow.pl\/index.php?rest_route=\/wp\/v2\/pages"}],"about":[{"href":"https:\/\/www.ospmakow.pl\/index.php?rest_route=\/wp\/v2\/types\/page"}],"author":[{"embeddable":true,"href":"https:\/\/www.ospmakow.pl\/index.php?rest_route=\/wp\/v2\/users\/2"}],"replies":[{"embeddable":true,"href":"https:\/\/www.ospmakow.pl\/index.php?rest_route=%2Fwp%2Fv2%2Fcomments&post=2884"}],"version-history":[{"count":7,"href":"https:\/\/www.ospmakow.pl\/index.php?rest_route=\/wp\/v2\/pages\/2884\/revisions"}],"predecessor-version":[{"id":2903,"href":"https:\/\/www.ospmakow.pl\/index.php?rest_route=\/wp\/v2\/pages\/2884\/revisions\/2903"}],"up":[{"embeddable":true,"href":"https:\/\/www.ospmakow.pl\/index.php?rest_route=\/wp\/v2\/pages\/325"}],"wp:attachment":[{"href":"https:\/\/www.ospmakow.pl\/index.php?rest_route=%2Fwp%2Fv2%2Fmedia&parent=2884"}],"curies":[{"name":"wp","href":"https:\/\/api.w.org\/{rel}","templated":true}]}}