{"id":9,"date":"2018-01-29T19:55:44","date_gmt":"2018-01-29T18:55:44","guid":{"rendered":"http:\/\/ospmakow.pl\/?page_id=9"},"modified":"2024-10-09T11:03:14","modified_gmt":"2024-10-09T09:03:14","slug":"kontakt","status":"publish","type":"page","link":"http:\/\/www.ospmakow.pl\/?page_id=9","title":{"rendered":"Kontakt"},"content":{"rendered":"<p>&nbsp;<\/p>\n<p style=\"text-align: center;\"><strong>Wy\u0142\u0105cznym w\u0142a\u015bcicielem i administratorem www.ospmakow.pl jest:<\/strong><\/p>\n<p style=\"text-align: center;\"><strong>Ochotnicza Stra\u017c Po\u017carna<\/strong><br \/>\n<strong> w Makowie Podhala\u0144skim<\/strong><br \/>\n<strong> ul. Ko\u015bciuszki 2<\/strong><br \/>\n<strong> 34-220 Mak\u00f3w Podhala\u0144ski<\/strong><br \/>\n<strong> woj. ma\u0142opolskie<\/strong><\/p>\n<p style=\"text-align: center;\"><strong>NIP:&nbsp;5521254846<br \/>\nKRS:&nbsp;0000030019<br \/>\nREGON:&nbsp;356265990&nbsp;<\/strong><\/p>\n<p style=\"text-align: center;\"><span style=\"color: #ffffff;\"><strong>Numer konta do wp\u0142at na dzia\u0142alno\u015b\u0107 statutow\u0105:<\/strong><\/span><br \/>\n<span style=\"color: #ffffff;\"><strong>BS Jordan\u00f3w 82&nbsp;<span class=\"text_exposed_show\">8799 0001 0010 0100 1124 0001<\/span><\/strong><\/span><\/p>\n<p>&nbsp;<\/p>\n<p style=\"text-align: center;\"><strong>&nbsp;Skontaktuj si\u0119 z nami:<\/strong><\/p>\n<p style=\"text-align: center;\">admin@ospmakow.pl<\/p>\n<p>&nbsp;<\/p>\n<p>&nbsp;<\/p>\n<p><center><iframe loading=\"lazy\" style=\"border: 0;\" src=\"https:\/\/www.google.com\/maps\/embed?pb=!1m18!1m12!1m3!1d1289.4898357765635!2d19.68040102153633!3d49.730007971413166!2m3!1f0!2f0!3f0!3m2!1i1024!2i768!4f13.1!3m3!1m2!1s0x47167982bdfbb3df%3A0x99ce97be169da417!2sKo%C5%9Bciuszki+2%2C+34-220+Mak%C3%B3w+Podhala%C5%84ski!5e0!3m2!1spl!2spl!4v1517432649084\" width=\"400\" height=\"300\" frameborder=\"0\" allowfullscreen=\"allowfullscreen\"><\/iframe><\/center><\/p>\n","protected":false},"excerpt":{"rendered":"<p>&nbsp; Wy\u0142\u0105cznym w\u0142a\u015bcicielem i administratorem www.ospmakow.pl jest: Ochotnicza Stra\u017c Po\u017carna w Makowie Podhala\u0144skim ul. Ko\u015bciuszki 2 34-220 Mak\u00f3w Podhala\u0144ski woj. ma\u0142opolskie NIP:&nbsp;5521254846 KRS:&nbsp;0000030019 REGON:&nbsp;356265990&nbsp; Numer konta do wp\u0142at na dzia\u0142alno\u015b\u0107 statutow\u0105: BS Jordan\u00f3w 82&nbsp;8799 0001 0010 0100 1124 0001 &nbsp; &hellip; <a href=\"http:\/\/www.ospmakow.pl\/?page_id=9\">Czytaj dalej <span class=\"meta-nav\">&rarr;<\/span><\/a><\/p>\n","protected":false},"author":1,"featured_media":0,"parent":0,"menu_order":0,"comment_status":"closed","ping_status":"closed","template":"","meta":{"_exactmetrics_skip_tracking":false,"_exactmetrics_sitenote_active":false,"_exactmetrics_sitenote_note":"","_exactmetrics_sitenote_category":0,"ngg_post_thumbnail":0,"footnotes":""},"class_list":["post-9","page","type-page","status-publish","hentry"],"_links":{"self":[{"href":"http:\/\/www.ospmakow.pl\/index.php?rest_route=\/wp\/v2\/pages\/9","targetHints":{"allow":["GET"]}}],"collection":[{"href":"http:\/\/www.ospmakow.pl\/index.php?rest_route=\/wp\/v2\/pages"}],"about":[{"href":"http:\/\/www.ospmakow.pl\/index.php?rest_route=\/wp\/v2\/types\/page"}],"author":[{"embeddable":true,"href":"http:\/\/www.ospmakow.pl\/index.php?rest_route=\/wp\/v2\/users\/1"}],"replies":[{"embeddable":true,"href":"http:\/\/www.ospmakow.pl\/index.php?rest_route=%2Fwp%2Fv2%2Fcomments&post=9"}],"version-history":[{"count":20,"href":"http:\/\/www.ospmakow.pl\/index.php?rest_route=\/wp\/v2\/pages\/9\/revisions"}],"predecessor-version":[{"id":2587,"href":"http:\/\/www.ospmakow.pl\/index.php?rest_route=\/wp\/v2\/pages\/9\/revisions\/2587"}],"wp:attachment":[{"href":"http:\/\/www.ospmakow.pl\/index.php?rest_route=%2Fwp%2Fv2%2Fmedia&parent=9"}],"curies":[{"name":"wp","href":"https:\/\/api.w.org\/{rel}","templated":true}]}}